{"id":92,"date":"2022-12-28T13:18:51","date_gmt":"2022-12-28T12:18:51","guid":{"rendered":"http:\/\/petrbrandejs.cz\/index.php\/?page_id=92"},"modified":"2025-09-04T18:07:39","modified_gmt":"2025-09-04T16:07:39","slug":"dilna-male-svatonovice-rijen","status":"publish","type":"page","link":"https:\/\/petrbrandejs.cz\/index.php\/dilny\/dilna-male-svatonovice-rijen\/","title":{"rendered":"D\u00edlna Mal\u00e9 Svato\u0148ovice (podzim)"},"content":{"rendered":"<pre><span style=\"color: #339966;\"><strong>Aktu\u00e1ln\u00ed informace 2025:<\/strong><\/span><\/pre>\n<p><span style=\"color: #339966;\">D\u00edlna je vyprodan\u00e1 (vlastn\u011b jen minul\u00fdmi \u00fa\u010dastn\u00edky), ale m\u016f\u017eete <strong>vyplnit p\u0159ihl\u00e1\u0161ku zde\u00a0a povedu v\u00e1s jako n\u00e1hradn\u00edky.<\/strong> Pokud by se n\u011bco uvolnilo, ozvu se. Nebo v\u00e1m nap\u00ed\u0161u, a\u017e budu d\u011blat dal\u0161\u00ed d\u00edlnu(y).<\/span><\/p>\n<pre><strong>V\u0161eobecn\u00e9 informace:<\/strong><\/pre>\n<p>D\u00edlna v Mal\u00fdch Svato\u0148ovic\u00edch se kon\u00e1v\u00e1 <strong>na podzim<\/strong> a v posledn\u00edch letech b\u00fdv\u00e1 trochu del\u0161\u00ed ne\u017e jen v\u00edkend. N\u011bkolik let jsem ji organizoval s Jindrou Hylmarem. Po jeho n\u00e1hl\u00e9m \u00famrt\u00ed spolupracuji s jeho skv\u011blou \u017eenou Evou Hylmarovou.<\/p>\n<p><strong>\u00da\u010dastn\u00edci jsou rozd\u011bleni (max. po 10) do t\u0159\u00edd<\/strong> k jednotliv\u00fdm lektor\u016fm, kde se v\u011bnuj\u00ed h\u0159e na sv\u016fj hudebn\u00ed n\u00e1stroj, p\u0159\u00edpadn\u011b zp\u011bvu. K tomu se v\u011bt\u0161inou poda\u0159\u00ed vyzkou\u0161et si <strong>pr\u00e1ci v kapele, p\u0159\u00edpadn\u011b jamov\u00e1n\u00ed.\u00a0<\/strong><\/p>\n<p><strong>Ubytov\u00e1n\u00ed a strava<\/strong> jsou zaji\u0161t\u011bny v pom\u011brn\u011b skromn\u00e9 ubytovn\u011b a j\u00eddeln\u011b m\u00edstn\u00ed st\u0159edn\u00ed a z\u00e1kladn\u00ed \u0161koly, hlavn\u00ed koncert prob\u00edh\u00e1 v kulturn\u00edm dom\u011b na n\u00e1m\u011bst\u00ed a n\u011bkter\u00e9 koncerty v j\u00eddeln\u011b.<\/p>\n<p><strong>Cena<\/strong> je kolem 5 tis\u00edc K\u010d v\u010detn\u011b v\u00fdukov\u00fdch materi\u00e1l\u016f, p\u00e9\u010de lektora, koncert\u016f, stravy a ubytov\u00e1n\u00ed.<\/p>\n<pre><strong>Informace k roku 2025:<\/strong><\/pre>\n<p>Lekto\u0159i:<\/p>\n<table style=\"width: 100%; height: 190px;\" width=\"317\">\n<tbody>\n<tr style=\"height: 19px;\">\n<td style=\"height: 19px;\" width=\"24\">1<\/td>\n<td style=\"height: 19px;\" width=\"68\">Petr\u00a0<\/td>\n<td style=\"height: 19px;\" width=\"80\">Brandejs<\/td>\n<td style=\"height: 19px;\" width=\"145\">Banjo &#8211; m\u00e9n\u011b pokro\u010dil\u00ed<\/td>\n<\/tr>\n<tr style=\"height: 19px;\">\n<td style=\"height: 19px;\">2<\/td>\n<td style=\"height: 19px;\">Pavel<\/td>\n<td style=\"height: 19px;\">Z\u00edcha<\/td>\n<td style=\"height: 19px;\">Banjo &#8211; pokro\u010dilej\u0161\u00ed<\/td>\n<\/tr>\n<tr style=\"height: 19px;\">\n<td style=\"height: 19px;\">3<\/td>\n<td style=\"height: 19px;\">Jakub<\/td>\n<td style=\"height: 19px;\">Racek<\/td>\n<td style=\"height: 19px;\">Kytara &#8211; pokro\u010dilej\u0161\u00ed<\/td>\n<\/tr>\n<tr style=\"height: 19px;\">\n<td style=\"height: 19px;\">4<\/td>\n<td style=\"height: 19px;\">Honza<\/td>\n<td style=\"height: 19px;\">M\u00e1ca<\/td>\n<td style=\"height: 19px;\">Kytara &#8211; m\u00e9n\u011b pokro\u010dil\u00ed<\/td>\n<\/tr>\n<tr style=\"height: 19px;\">\n<td style=\"height: 19px;\">5<\/td>\n<td style=\"height: 19px;\">Radim\u00a0<\/td>\n<td style=\"height: 19px;\">Zenkl<\/td>\n<td style=\"height: 19px;\">mandol\u00edna<\/td>\n<\/tr>\n<tr style=\"height: 19px;\">\n<td style=\"height: 19px;\">6<\/td>\n<td style=\"height: 19px;\">Pepa<\/td>\n<td style=\"height: 19px;\">Malina<\/td>\n<td style=\"height: 19px;\">Housle<\/td>\n<\/tr>\n<tr style=\"height: 19px;\">\n<td style=\"height: 19px;\">7<\/td>\n<td style=\"height: 19px;\">Honza<\/td>\n<td style=\"height: 19px;\">Barto\u0161ek<\/td>\n<td style=\"height: 19px;\">Housle<\/td>\n<\/tr>\n<tr style=\"height: 19px;\">\n<td style=\"height: 19px;\">8<\/td>\n<td style=\"height: 19px;\">Charlie<\/td>\n<td style=\"height: 19px;\">Slav\u00edk<\/td>\n<td style=\"height: 19px;\">Fouka\u010dka<\/td>\n<\/tr>\n<tr style=\"height: 19px;\">\n<td style=\"height: 19px;\">9<\/td>\n<td style=\"height: 19px;\">Jitka<\/td>\n<td style=\"height: 19px;\">Baudischov\u00e1<\/td>\n<td style=\"height: 19px;\">Kontrabas<\/td>\n<\/tr>\n<tr style=\"height: 19px;\">\n<td style=\"height: 19px;\">10<\/td>\n<td style=\"height: 19px;\">Veronika<\/td>\n<td style=\"height: 19px;\">Krej\u010dov\u00e1<\/td>\n<td style=\"height: 19px;\">Zp\u011bv<\/td>\n<\/tr>\n<\/tbody>\n<\/table>\n<p>Kapela, kter\u00e1 zahraje v ned\u011bli 26. 10. v kulturn\u00edm dom\u011b: <a href=\"https:\/\/petrbrandejs.cz\/index.php\/kapely\/petr-brandejs-band\/\">Petr Brandejs Band<\/a><\/p>\n<p><img loading=\"lazy\" decoding=\"async\" class=\"alignnone size-medium wp-image-788\" src=\"https:\/\/petrbrandejs.cz\/wp-content\/uploads\/2025\/09\/oriznuta-skupinovka-300x244.jpg\" alt=\"\" width=\"300\" height=\"244\" srcset=\"https:\/\/petrbrandejs.cz\/wp-content\/uploads\/2025\/09\/oriznuta-skupinovka-300x244.jpg 300w, https:\/\/petrbrandejs.cz\/wp-content\/uploads\/2025\/09\/oriznuta-skupinovka-1024x835.jpg 1024w, https:\/\/petrbrandejs.cz\/wp-content\/uploads\/2025\/09\/oriznuta-skupinovka-768x626.jpg 768w, https:\/\/petrbrandejs.cz\/wp-content\/uploads\/2025\/09\/oriznuta-skupinovka-1536x1252.jpg 1536w, https:\/\/petrbrandejs.cz\/wp-content\/uploads\/2025\/09\/oriznuta-skupinovka-2048x1669.jpg 2048w, https:\/\/petrbrandejs.cz\/wp-content\/uploads\/2025\/09\/oriznuta-skupinovka-368x300.jpg 368w\" sizes=\"(max-width: 300px) 100vw, 300px\" \/><\/p>\n<p>Za\u010d\u00e1tek v sobotu 25. 10. ve\u010der<\/p>\n<p><span style=\"color: #008000;\">M\u00e1te dotaz? <a style=\"color: #008000;\" href=\"https:\/\/petrbrandejs.cz\/kontakt\/\">Napi\u0161te mi!<\/a> D\u00edky za pozornost, na vid\u011bnou a sly\u0161enou!<\/span><\/p>\n<p><span style=\"color: #008000;\"><strong>Report\u00e1\u017e<\/strong> z d\u00edlny v roce 2022 najdete <a style=\"color: #008000;\" href=\"http:\/\/www.televize-js.cz\/clanky\/male-svatonovice\/male-svatonovice-bluegrassova-dilna-2022\">zde.<\/a><\/span><\/p>\n<p><span style=\"color: #008000;\">Skv\u011bl\u00fd <strong>z\u00e1znam koncertu <\/strong>G Runs and Roses a lektor\u016f <a style=\"color: #008000;\" href=\"https:\/\/youtu.be\/SfclpeFcx-A\">zde.<\/a><\/span><\/p>\n<p><span style=\"color: #008000;\">&#8230;a k tomu n\u011bkolik fotografi\u00ed:<\/span><\/p>\n<p><span style=\"color: #008000;\"><img loading=\"lazy\" decoding=\"async\" class=\"alignnone  wp-image-619\" src=\"https:\/\/petrbrandejs.cz\/wp-content\/uploads\/2022\/12\/spolu-39-300x200.jpg\" alt=\"\" width=\"329\" height=\"223\" \/> <img loading=\"lazy\" decoding=\"async\" class=\"alignnone  wp-image-618\" src=\"https:\/\/petrbrandejs.cz\/wp-content\/uploads\/2022\/12\/spolu-300x169.jpg\" alt=\"\" width=\"321\" height=\"186\" \/> <img loading=\"lazy\" decoding=\"async\" class=\"alignnone  wp-image-617\" src=\"https:\/\/petrbrandejs.cz\/wp-content\/uploads\/2022\/12\/spolu-57-300x169.jpg\" alt=\"\" width=\"341\" height=\"198\" \/> <img loading=\"lazy\" decoding=\"async\" class=\"alignnone  wp-image-616\" src=\"https:\/\/petrbrandejs.cz\/wp-content\/uploads\/2022\/12\/DSC_9701-300x199.jpg\" alt=\"\" width=\"318\" height=\"216\" \/> <img loading=\"lazy\" decoding=\"async\" class=\"alignnone size-medium wp-image-615\" src=\"https:\/\/petrbrandejs.cz\/wp-content\/uploads\/2022\/12\/DSC_9669-300x199.jpg\" alt=\"\" width=\"300\" height=\"199\" srcset=\"https:\/\/petrbrandejs.cz\/wp-content\/uploads\/2022\/12\/DSC_9669-300x199.jpg 300w, https:\/\/petrbrandejs.cz\/wp-content\/uploads\/2022\/12\/DSC_9669-768x510.jpg 768w, https:\/\/petrbrandejs.cz\/wp-content\/uploads\/2022\/12\/DSC_9669-452x300.jpg 452w, https:\/\/petrbrandejs.cz\/wp-content\/uploads\/2022\/12\/DSC_9669.jpg 1024w\" sizes=\"(max-width: 300px) 100vw, 300px\" \/> <img loading=\"lazy\" decoding=\"async\" class=\"alignnone  wp-image-614\" src=\"https:\/\/petrbrandejs.cz\/wp-content\/uploads\/2022\/12\/DSC_9306-300x199.jpg\" alt=\"\" width=\"322\" height=\"218\" \/> <img loading=\"lazy\" decoding=\"async\" class=\"alignnone  wp-image-613\" src=\"https:\/\/petrbrandejs.cz\/wp-content\/uploads\/2022\/12\/DSC_9303a-195x300.jpg\" alt=\"\" width=\"163\" height=\"243\" \/> <img loading=\"lazy\" decoding=\"async\" class=\"alignnone size-medium wp-image-612\" src=\"https:\/\/petrbrandejs.cz\/wp-content\/uploads\/2022\/12\/DSC_10226-300x199.jpg\" alt=\"\" width=\"300\" height=\"199\" srcset=\"https:\/\/petrbrandejs.cz\/wp-content\/uploads\/2022\/12\/DSC_10226-300x199.jpg 300w, https:\/\/petrbrandejs.cz\/wp-content\/uploads\/2022\/12\/DSC_10226-768x510.jpg 768w, https:\/\/petrbrandejs.cz\/wp-content\/uploads\/2022\/12\/DSC_10226-452x300.jpg 452w, https:\/\/petrbrandejs.cz\/wp-content\/uploads\/2022\/12\/DSC_10226.jpg 1024w\" sizes=\"(max-width: 300px) 100vw, 300px\" \/> <\/span><img loading=\"lazy\" decoding=\"async\" class=\"alignnone size-medium wp-image-609\" src=\"https:\/\/petrbrandejs.cz\/wp-content\/uploads\/2022\/12\/SprBud-300x200.jpg\" alt=\"\" width=\"300\" height=\"200\" srcset=\"https:\/\/petrbrandejs.cz\/wp-content\/uploads\/2022\/12\/SprBud-300x200.jpg 300w, https:\/\/petrbrandejs.cz\/wp-content\/uploads\/2022\/12\/SprBud-768x512.jpg 768w, https:\/\/petrbrandejs.cz\/wp-content\/uploads\/2022\/12\/SprBud-450x300.jpg 450w, https:\/\/petrbrandejs.cz\/wp-content\/uploads\/2022\/12\/SprBud.jpg 1024w\" sizes=\"(max-width: 300px) 100vw, 300px\" \/><\/p>\n\n","protected":false},"excerpt":{"rendered":"<p>Aktu\u00e1ln\u00ed informace 2025: D\u00edlna je vyprodan\u00e1 (vlastn\u011b jen minul\u00fdmi \u00fa\u010dastn\u00edky), ale m\u016f\u017eete vyplnit p\u0159ihl\u00e1\u0161ku zde\u00a0a povedu v\u00e1s jako n\u00e1hradn\u00edky. Pokud by se n\u011bco uvolnilo, ozvu se. Nebo v\u00e1m nap\u00ed\u0161u, a\u017e budu d\u011blat dal\u0161\u00ed d\u00edlnu(y). V\u0161eobecn\u00e9 informace: D\u00edlna v Mal\u00fdch Svato\u0148ovic\u00edch &hellip; <a href=\"https:\/\/petrbrandejs.cz\/index.php\/dilny\/dilna-male-svatonovice-rijen\/\">Cel\u00fd p\u0159\u00edsp\u011bvek <span class=\"meta-nav\">&rarr;<\/span><\/a><\/p>\n","protected":false},"author":2,"featured_media":0,"parent":43,"menu_order":0,"comment_status":"closed","ping_status":"closed","template":"sidebar-page.php","meta":{"footnotes":""},"_links":{"self":[{"href":"https:\/\/petrbrandejs.cz\/index.php\/wp-json\/wp\/v2\/pages\/92"}],"collection":[{"href":"https:\/\/petrbrandejs.cz\/index.php\/wp-json\/wp\/v2\/pages"}],"about":[{"href":"https:\/\/petrbrandejs.cz\/index.php\/wp-json\/wp\/v2\/types\/page"}],"author":[{"embeddable":true,"href":"https:\/\/petrbrandejs.cz\/index.php\/wp-json\/wp\/v2\/users\/2"}],"replies":[{"embeddable":true,"href":"https:\/\/petrbrandejs.cz\/index.php\/wp-json\/wp\/v2\/comments?post=92"}],"version-history":[{"count":19,"href":"https:\/\/petrbrandejs.cz\/index.php\/wp-json\/wp\/v2\/pages\/92\/revisions"}],"predecessor-version":[{"id":793,"href":"https:\/\/petrbrandejs.cz\/index.php\/wp-json\/wp\/v2\/pages\/92\/revisions\/793"}],"up":[{"embeddable":true,"href":"https:\/\/petrbrandejs.cz\/index.php\/wp-json\/wp\/v2\/pages\/43"}],"wp:attachment":[{"href":"https:\/\/petrbrandejs.cz\/index.php\/wp-json\/wp\/v2\/media?parent=92"}],"curies":[{"name":"wp","href":"https:\/\/api.w.org\/{rel}","templated":true}]}}