{"id":88,"date":"2019-01-18T17:12:10","date_gmt":"2019-01-18T16:12:10","guid":{"rendered":"http:\/\/petrbrandejs.cz\/index.php\/?page_id=88"},"modified":"2025-11-17T18:44:37","modified_gmt":"2025-11-17T17:44:37","slug":"dilna-novy-jicin-jaro","status":"publish","type":"page","link":"https:\/\/petrbrandejs.cz\/index.php\/dilny\/dilna-novy-jicin-jaro\/","title":{"rendered":"D\u00edlna Nov\u00fd Ji\u010d\u00edn (jaro)"},"content":{"rendered":"\n<p><strong>20. bluegrassov\u00e1 d\u00edlna v Nov\u00e9m Ji\u010d\u00edn\u011b<\/strong><\/p>\n\n\n\n<p>Kon\u00e1 se 10. &#8211; 12. 4. 2026; lektory, vyprodanost a p\u0159ihl\u00e1\u0161ku najdete <a href=\"https:\/\/docs.google.com\/forms\/d\/e\/1FAIpQLSe07olJxfT-RpUjRAVsrjjHRUCddflu6dikf7fda9lUVS3t9Q\/viewform\" data-type=\"link\" data-id=\"https:\/\/docs.google.com\/forms\/d\/e\/1FAIpQLSe07olJxfT-RpUjRAVsrjjHRUCddflu6dikf7fda9lUVS3t9Q\/viewform\">zde.<\/a><\/p>\n\n\n\n<p>Cena (do 6 tis\u00edc) zahrnuje p\u00e1te\u010dn\u00ed neform\u00e1ln\u00ed koncert, v\u00fduku, stravu a ubytov\u00e1n\u00ed, sobotn\u00ed koncert v Beskydsk\u00e9m divadle.<\/p>\n\n\n\n<p>Program:<\/p>\n\n\n\n<h1 class=\"wp-block-heading\"><strong>P\u00e1tek<\/strong> <\/h1>\n\n\n\n<p>17:00 &#8211; 20:00 ve\u010de\u0159e v&nbsp;hotelu Praha, prezence + doplacen\u00ed ceny d\u00edlny, ubytov\u00e1n\u00ed (na recepci hotelu)<\/p>\n\n\n\n<p>20:00 &#8211; 01:00 zahraj\u00ed improvizovan\u011b lekto\u0159i + jam-session<\/p>\n\n\n\n<h1 class=\"wp-block-heading\"><strong>Sobota<\/strong><\/h1>\n\n\n\n<p>&nbsp; <strong>8:00 \u2013 9:15 sn\u00eddan\u011b<\/strong> ve \u0161koln\u00ed j\u00eddeln\u011b<\/p>\n\n\n\n<p>&nbsp; <strong>9:30 \u2013 12:00<\/strong> dopoledn\u00ed v\u00fduka v&nbsp;budov\u011b \u0161koly (nutn\u00e9 p\u0159ezut\u00ed!)<\/p>\n\n\n\n<p><strong>12:15 \u2013 13:15<\/strong> <strong>ob\u011bd <\/strong>ve \u0161koln\u00ed j\u00eddeln\u011b<\/p>\n\n\n\n<p><strong>13:30 \u2013 17:00<\/strong> odpoledn\u00ed v\u00fduka v&nbsp;budov\u011b \u0161koly<\/p>\n\n\n\n<p><strong>17:15 \u2013 18:30<\/strong> <strong>ve\u010de\u0159e <\/strong>v&nbsp;hotelu Praha<\/p>\n\n\n\n<p><strong>19:00 \u2013 21:00 <\/strong>ve\u0159ejn\u00fd koncert lektor\u016f a <a href=\"https:\/\/petrbrandejs.cz\/index.php\/kapely\/petr-brandejs-band\/\" data-type=\"page\" data-id=\"440\">Petr Brandejs Bandu<\/a> v\u00a0Beskydsk\u00e9m divadle, vstupn\u00e9 pro frekventanty d\u00edlny zdarma, pot\u00e9 jam-session v\u00a0hotelu Praha<\/p>\n\n\n\n<h1 class=\"wp-block-heading\"><strong>Ned\u011ble<\/strong><\/h1>\n\n\n\n<p>&nbsp; <strong>8:00 \u2013 9:15<\/strong> <strong>sn\u00eddan\u011b<\/strong> ve \u0161koln\u00ed j\u00eddeln\u011b<\/p>\n\n\n\n<p><strong>9:30 \u2013 12:30<\/strong> dopoledn\u00ed v\u00fduka v\u00a0budov\u011b \u0161koly<\/p>\n\n\n\n<p><strong>12:45 \u2013 13:30<\/strong> <strong>ob\u011bd <\/strong>v\u00a0j\u00eddeln\u011b \u0161koly, odjezd \u00fa\u010dastn\u00edk\u016f, regenerace organismuJ<\/p>\n\n\n\n<p><\/p>\n\n\n\n<p><img loading=\"lazy\" decoding=\"async\" class=\"alignnone  wp-image-576\" src=\"http:\/\/petrbrandejs.cz\/wp-content\/uploads\/2022\/02\/IMG_3555-300x225.jpg\" alt=\"\" width=\"324\" height=\"245\"> <img loading=\"lazy\" decoding=\"async\" class=\"alignnone  wp-image-577\" src=\"http:\/\/petrbrandejs.cz\/wp-content\/uploads\/2022\/02\/dilna-oriznuta-300x144.jpg\" alt=\"\" width=\"314\" height=\"156\"> <img loading=\"lazy\" decoding=\"async\" class=\"alignnone  wp-image-574\" src=\"http:\/\/petrbrandejs.cz\/wp-content\/uploads\/2022\/02\/IMG20211127111637-300x225.jpg\" alt=\"\" width=\"324\" height=\"246\"> <img loading=\"lazy\" decoding=\"async\" class=\"alignnone  wp-image-573\" src=\"http:\/\/petrbrandejs.cz\/wp-content\/uploads\/2022\/02\/IMG20211127112002-300x225.jpg\" alt=\"\" width=\"321\" height=\"242\" srcset=\"https:\/\/petrbrandejs.cz\/wp-content\/uploads\/2022\/02\/IMG20211127112002-300x225.jpg 300w, https:\/\/petrbrandejs.cz\/wp-content\/uploads\/2022\/02\/IMG20211127112002-1024x768.jpg 1024w, https:\/\/petrbrandejs.cz\/wp-content\/uploads\/2022\/02\/IMG20211127112002-768x576.jpg 768w, https:\/\/petrbrandejs.cz\/wp-content\/uploads\/2022\/02\/IMG20211127112002-1536x1152.jpg 1536w, https:\/\/petrbrandejs.cz\/wp-content\/uploads\/2022\/02\/IMG20211127112002-2048x1536.jpg 2048w, https:\/\/petrbrandejs.cz\/wp-content\/uploads\/2022\/02\/IMG20211127112002-400x300.jpg 400w\" sizes=\"(max-width: 321px) 100vw, 321px\" \/> <img loading=\"lazy\" decoding=\"async\" class=\"alignnone  wp-image-572\" src=\"http:\/\/petrbrandejs.cz\/wp-content\/uploads\/2022\/02\/WhatsApp-Image-2021-11-28-at-19.32.32-300x225.jpeg\" alt=\"\" width=\"319\" height=\"241\"> <img loading=\"lazy\" decoding=\"async\" class=\"alignnone  wp-image-571\" src=\"http:\/\/petrbrandejs.cz\/wp-content\/uploads\/2022\/02\/WhatsApp-Image-2021-11-28-at-19.32.43-300x225.jpeg\" alt=\"\" width=\"314\" height=\"237\" srcset=\"https:\/\/petrbrandejs.cz\/wp-content\/uploads\/2022\/02\/WhatsApp-Image-2021-11-28-at-19.32.43-300x225.jpeg 300w, https:\/\/petrbrandejs.cz\/wp-content\/uploads\/2022\/02\/WhatsApp-Image-2021-11-28-at-19.32.43-1024x768.jpeg 1024w, https:\/\/petrbrandejs.cz\/wp-content\/uploads\/2022\/02\/WhatsApp-Image-2021-11-28-at-19.32.43-768x576.jpeg 768w, https:\/\/petrbrandejs.cz\/wp-content\/uploads\/2022\/02\/WhatsApp-Image-2021-11-28-at-19.32.43-1536x1152.jpeg 1536w, https:\/\/petrbrandejs.cz\/wp-content\/uploads\/2022\/02\/WhatsApp-Image-2021-11-28-at-19.32.43-400x300.jpeg 400w, https:\/\/petrbrandejs.cz\/wp-content\/uploads\/2022\/02\/WhatsApp-Image-2021-11-28-at-19.32.43.jpeg 2048w\" sizes=\"(max-width: 314px) 100vw, 314px\" \/><\/p>\n\n\n","protected":false},"excerpt":{"rendered":"<p>20. bluegrassov\u00e1 d\u00edlna v Nov\u00e9m Ji\u010d\u00edn\u011b Kon\u00e1 se 10. &#8211; 12. 4. 2026; lektory, vyprodanost a p\u0159ihl\u00e1\u0161ku najdete zde. Cena (do 6 tis\u00edc) zahrnuje p\u00e1te\u010dn\u00ed neform\u00e1ln\u00ed koncert, v\u00fduku, stravu a ubytov\u00e1n\u00ed, sobotn\u00ed koncert v Beskydsk\u00e9m divadle. Program: P\u00e1tek 17:00 &#8211; &hellip; <a href=\"https:\/\/petrbrandejs.cz\/index.php\/dilny\/dilna-novy-jicin-jaro\/\">Cel\u00fd p\u0159\u00edsp\u011bvek <span class=\"meta-nav\">&rarr;<\/span><\/a><\/p>\n","protected":false},"author":1,"featured_media":0,"parent":43,"menu_order":0,"comment_status":"closed","ping_status":"closed","template":"sidebar-page.php","meta":{"footnotes":""},"_links":{"self":[{"href":"https:\/\/petrbrandejs.cz\/index.php\/wp-json\/wp\/v2\/pages\/88"}],"collection":[{"href":"https:\/\/petrbrandejs.cz\/index.php\/wp-json\/wp\/v2\/pages"}],"about":[{"href":"https:\/\/petrbrandejs.cz\/index.php\/wp-json\/wp\/v2\/types\/page"}],"author":[{"embeddable":true,"href":"https:\/\/petrbrandejs.cz\/index.php\/wp-json\/wp\/v2\/users\/1"}],"replies":[{"embeddable":true,"href":"https:\/\/petrbrandejs.cz\/index.php\/wp-json\/wp\/v2\/comments?post=88"}],"version-history":[{"count":41,"href":"https:\/\/petrbrandejs.cz\/index.php\/wp-json\/wp\/v2\/pages\/88\/revisions"}],"predecessor-version":[{"id":815,"href":"https:\/\/petrbrandejs.cz\/index.php\/wp-json\/wp\/v2\/pages\/88\/revisions\/815"}],"up":[{"embeddable":true,"href":"https:\/\/petrbrandejs.cz\/index.php\/wp-json\/wp\/v2\/pages\/43"}],"wp:attachment":[{"href":"https:\/\/petrbrandejs.cz\/index.php\/wp-json\/wp\/v2\/media?parent=88"}],"curies":[{"name":"wp","href":"https:\/\/api.w.org\/{rel}","templated":true}]}}