{"id":75,"date":"2019-01-18T16:29:30","date_gmt":"2019-01-18T15:29:30","guid":{"rendered":"http:\/\/petrbrandejs.cz\/novinky\/?page_id=75"},"modified":"2020-10-26T19:45:28","modified_gmt":"2020-10-26T18:45:28","slug":"skype-lekce","status":"publish","type":"page","link":"https:\/\/petrbrandejs.cz\/index.php\/skype-lekce\/","title":{"rendered":"Online lekce"},"content":{"rendered":"\n<p>Lekce po Skypu (nebo jin\u00e9 online komunika\u010dn\u00ed aplikaci) jsou pohodln\u00fd zp\u016fsob, jak se mnou konzultovat va\u0161e pokroky a probl\u00e9my. Tedy samoz\u0159ejm\u011b, jen co se t\u00fdk\u00e1 hry na banjo!:-)<\/p>\n<p>Pot\u0159ebujete jen Skype (Zoom, Google U\u010debnu&#8230;), kameru a mikrofon (na kvalit\u011b p\u0159\u00edli\u0161 nez\u00e1le\u017e\u00ed).<\/p>\n<p>Pokud m\u00e1te z\u00e1jem, nev\u00e1hejte a napi\u0161te mi: <a href=\"mailto:brandejs.banjo@gmail.com\" target=\"_blank\" rel=\"noopener noreferrer\">brandejs.banjo@gmail.com<\/a> Najdeme spolu vhodn\u00fd term\u00edn, v\u011bt\u0161inou to b\u00fdv\u00e1 ve v\u0161edn\u00ed dny ve\u010der.<\/p>\n<p>V\u011b\u0159te mi, \u017ee nen\u00ed hor\u0161\u00ed v\u011bc ne\u017e fixovat si dlouhodob\u011b chyby a zlozvyky&#8230;<\/p>\n","protected":false},"excerpt":{"rendered":"<p>Lekce po Skypu (nebo jin\u00e9 online komunika\u010dn\u00ed aplikaci) jsou pohodln\u00fd zp\u016fsob, jak se mnou konzultovat va\u0161e pokroky a probl\u00e9my. Tedy samoz\u0159ejm\u011b, jen co se t\u00fdk\u00e1 hry na banjo!:-) Pot\u0159ebujete jen Skype (Zoom, Google U\u010debnu&#8230;), kameru a mikrofon (na kvalit\u011b p\u0159\u00edli\u0161 &hellip; <a href=\"https:\/\/petrbrandejs.cz\/index.php\/skype-lekce\/\">Cel\u00fd p\u0159\u00edsp\u011bvek <span class=\"meta-nav\">&rarr;<\/span><\/a><\/p>\n","protected":false},"author":1,"featured_media":0,"parent":0,"menu_order":0,"comment_status":"closed","ping_status":"closed","template":"sidebar-page.php","meta":{"footnotes":""},"_links":{"self":[{"href":"https:\/\/petrbrandejs.cz\/index.php\/wp-json\/wp\/v2\/pages\/75"}],"collection":[{"href":"https:\/\/petrbrandejs.cz\/index.php\/wp-json\/wp\/v2\/pages"}],"about":[{"href":"https:\/\/petrbrandejs.cz\/index.php\/wp-json\/wp\/v2\/types\/page"}],"author":[{"embeddable":true,"href":"https:\/\/petrbrandejs.cz\/index.php\/wp-json\/wp\/v2\/users\/1"}],"replies":[{"embeddable":true,"href":"https:\/\/petrbrandejs.cz\/index.php\/wp-json\/wp\/v2\/comments?post=75"}],"version-history":[{"count":3,"href":"https:\/\/petrbrandejs.cz\/index.php\/wp-json\/wp\/v2\/pages\/75\/revisions"}],"predecessor-version":[{"id":500,"href":"https:\/\/petrbrandejs.cz\/index.php\/wp-json\/wp\/v2\/pages\/75\/revisions\/500"}],"wp:attachment":[{"href":"https:\/\/petrbrandejs.cz\/index.php\/wp-json\/wp\/v2\/media?parent=75"}],"curies":[{"name":"wp","href":"https:\/\/api.w.org\/{rel}","templated":true}]}}