{"id":70,"date":"2019-01-18T16:27:10","date_gmt":"2019-01-18T15:27:10","guid":{"rendered":"http:\/\/petrbrandejs.cz\/novinky\/?page_id=70"},"modified":"2020-10-26T20:02:20","modified_gmt":"2020-10-26T19:02:20","slug":"dc-a-dvd","status":"publish","type":"page","link":"https:\/\/petrbrandejs.cz\/index.php\/dc-a-dvd\/","title":{"rendered":"CD a DVD"},"content":{"rendered":"<p><span style=\"color: #003366;\"><strong>Pokud byste o n\u011bkter\u00e9 z uveden\u00fdch hudebn\u00edch nosi\u010d\u016f m\u011bli z\u00e1jem, napi\u0161te mi na <a href=\"mailto:brandejs.banjo@gmail.com\">brandejs.banjo@gmail.com<\/a>.<\/strong><\/span><\/p>\n<p><span style=\"color: #003300;\">DVD <b><i>Jamuj (hrej) s n\u00e1mi!<\/i><\/b> je na sv\u011bt\u011b.\u00a0<strong>Uk\u00e1zku<\/strong> z n\u011bj najdete<span style=\"color: #3366ff;\"> <a style=\"color: #3366ff;\" href=\"https:\/\/www.youtube.com\/watch?v=B2oFsalRJ94\">zde<\/a>.<\/span> Cena je 300K\u010d + po\u0161tovn\u00e9. <strong>Zp\u011bvn\u00ed\u010dek<\/strong> a jamovac\u00ed z\u00e1sady Petea Wernicka si m\u016f\u017eete st\u00e1hnout<span style=\"color: #3366ff;\"><a style=\"color: #3366ff;\" href=\"https:\/\/drive.google.com\/drive\/folders\/13gprM-RQWbQ3MtlZxZbWH_OcCU9mlNnQ?usp=sharing\"> zde<\/a><\/span><\/span><\/p>\n<p><strong>Nahr\u00e1vky s Petr Brandejs Bandem:<\/strong><\/p>\n<ul>\n<li>CD Bound To Ride &#8211; duben 1998<\/li>\n<li>CD The Only Bar in Town &#8211; leden 2000<\/li>\n<li>CD Hello Heartache \u2013 kv\u011bten 2002<\/li>\n<li>CD For The Radio \u2013 duben 2005 (nahr\u00e1vka 8 p\u00edsn\u00ed pro \u010cesk\u00fd rozhlas)<\/li>\n<li>CD Triple Trouble \u2013 kv\u011bten 2006<\/li>\n<li>CD Pro d\u011bti &#8211; listopad 2010<\/li>\n<li>Edice Talent-Bluegrass &#8211; t\u0159i skladby (popron 1997)<\/li>\n<li>po jedn\u00e9 skladb\u011b na samplerech EWOB 1999, 2000 a 2003 najdete na <a href=\"https:\/\/www.spotify.com\/cz\/\">Spotify<\/a><\/li>\n<li>Banjo Jamboree &#8217;98 &#8211; t\u0159i skladby na \u017eiv\u00e9 nahr\u00e1vce z nejstar\u0161\u00edho evropsk\u00e9ho bluegrassov\u00e9ho festivalu<\/li>\n<\/ul>\n<p><strong>Nahr\u00e1vky s Poutn\u00edky:<\/strong><\/p>\n<ul>\n<li><span style=\"font-size: small;\">CD Krajn\u00ed meze (1998)\u00a0<\/span><\/li>\n<li><span style=\"font-size: small;\">CD Pl\u00e1\u010d a sm\u00edch (2003)<\/span><\/li>\n<li><span style=\"font-size: small;\">CD Vzpom\u00ednky (v\u00fdb\u011br z\u00a0let\u00a0 1995 \u2013 2000)<\/span><\/li>\n<li><span style=\"font-size: small;\">Pr\u00e1zdniny v\u00a0Tel\u010di (1 skladba)<\/span><\/li>\n<li><span style=\"font-size: small;\">Banjo Jamboree &#8217;98\u00a0 (2 skladby)<\/span><\/li>\n<\/ul>\n<p><strong>S BG Cwrkotem:<\/strong><\/p>\n<div>\n<ul>\n<li><span style=\"font-size: small;\">CD Hear That Sound (2012)<\/span><\/li>\n<li><span style=\"font-size: small;\">CD A Better Way (2017)<\/span><\/li>\n<\/ul>\n<p><strong>DVD z bluegrassov\u00fdch d\u00edlen v Mal\u00fdch Svato\u0148ovic\u00edch:<\/strong><\/p>\n<ul>\n<li>od roku 2017 a\u017e do sou\u010dasnosti<\/li>\n<\/ul>\n<\/div>\n\n","protected":false},"excerpt":{"rendered":"<p>Pokud byste o n\u011bkter\u00e9 z uveden\u00fdch hudebn\u00edch nosi\u010d\u016f m\u011bli z\u00e1jem, napi\u0161te mi na brandejs.banjo@gmail.com. DVD Jamuj (hrej) s n\u00e1mi! je na sv\u011bt\u011b.\u00a0Uk\u00e1zku z n\u011bj najdete zde. Cena je 300K\u010d + po\u0161tovn\u00e9. Zp\u011bvn\u00ed\u010dek a jamovac\u00ed z\u00e1sady Petea Wernicka si m\u016f\u017eete st\u00e1hnout &hellip; <a href=\"https:\/\/petrbrandejs.cz\/index.php\/dc-a-dvd\/\">Cel\u00fd p\u0159\u00edsp\u011bvek <span class=\"meta-nav\">&rarr;<\/span><\/a><\/p>\n","protected":false},"author":1,"featured_media":0,"parent":0,"menu_order":0,"comment_status":"closed","ping_status":"closed","template":"sidebar-page.php","meta":{"footnotes":""},"_links":{"self":[{"href":"https:\/\/petrbrandejs.cz\/index.php\/wp-json\/wp\/v2\/pages\/70"}],"collection":[{"href":"https:\/\/petrbrandejs.cz\/index.php\/wp-json\/wp\/v2\/pages"}],"about":[{"href":"https:\/\/petrbrandejs.cz\/index.php\/wp-json\/wp\/v2\/types\/page"}],"author":[{"embeddable":true,"href":"https:\/\/petrbrandejs.cz\/index.php\/wp-json\/wp\/v2\/users\/1"}],"replies":[{"embeddable":true,"href":"https:\/\/petrbrandejs.cz\/index.php\/wp-json\/wp\/v2\/comments?post=70"}],"version-history":[{"count":9,"href":"https:\/\/petrbrandejs.cz\/index.php\/wp-json\/wp\/v2\/pages\/70\/revisions"}],"predecessor-version":[{"id":504,"href":"https:\/\/petrbrandejs.cz\/index.php\/wp-json\/wp\/v2\/pages\/70\/revisions\/504"}],"wp:attachment":[{"href":"https:\/\/petrbrandejs.cz\/index.php\/wp-json\/wp\/v2\/media?parent=70"}],"curies":[{"name":"wp","href":"https:\/\/api.w.org\/{rel}","templated":true}]}}