{"id":56,"date":"2019-01-16T22:43:18","date_gmt":"2019-01-16T21:43:18","guid":{"rendered":"http:\/\/petrbrandejs.cz\/?page_id=56"},"modified":"2020-10-26T19:50:05","modified_gmt":"2020-10-26T18:50:05","slug":"bluegrasova-asociase","status":"publish","type":"page","link":"https:\/\/petrbrandejs.cz\/index.php\/bluegrasova-asociase\/","title":{"rendered":"BG asociace"},"content":{"rendered":"<div>\n<h1 id=\"sites-page-title-header\" align=\"left\"><span style=\"font-size: 14pt;\"><strong><span id=\"sites-page-title\" dir=\"ltr\" tabindex=\"-1\">Evropsk\u00e1 a \u010cesk\u00e1 bluegrassov\u00e1 asociace<\/span><\/strong><\/span><\/h1>\n<\/div>\n<div><span style=\"font-size: 14pt;\">Pevn\u011b v\u011b\u0159\u00edm, \u017ee organizace, kter\u00e9 sdru\u017euj\u00ed lidi stejn\u00fdch z\u00e1jm\u016f maj\u00ed hlubok\u00fd smysl. Napl\u0148uje se tak mj. podle m\u011b n\u011bkdy trochu v\u00e1gn\u00ed term\u00edn ob\u010dansk\u00e1 spole\u010dnost.<\/span><\/div>\n<div><span style=\"font-size: 14pt;\">\u00a0<\/span><\/div>\n<div><span style=\"font-size: 14pt;\">Budu r\u00e1d, kdy\u017e se pod\u00edv\u00e1te na str\u00e1nky <a href=\"http:\/\/www.bacr.cz\/\" target=\"_blank\" rel=\"nofollow noopener noreferrer\">Bluegrassov\u00e9 asociace \u010cR<\/a>\u00a0(kter\u00e1 po\u0159\u00e1d\u00e1 mj. nejstar\u0161\u00ed evropsk\u00fd bluegrassov\u00fd festival Banjo Jamboree) i <a href=\"http:\/\/www.ebma.org\/\" target=\"_blank\" rel=\"nofollow noopener noreferrer\">Evropsk\u00e9 bluegrasssov\u00e9 asociace.<\/a><\/span><\/div>\n<div>\u00a0<\/div>\n\n","protected":false},"excerpt":{"rendered":"<p>Evropsk\u00e1 a \u010cesk\u00e1 bluegrassov\u00e1 asociace Pevn\u011b v\u011b\u0159\u00edm, \u017ee organizace, kter\u00e9 sdru\u017euj\u00ed lidi stejn\u00fdch z\u00e1jm\u016f maj\u00ed hlubok\u00fd smysl. Napl\u0148uje se tak mj. podle m\u011b n\u011bkdy trochu v\u00e1gn\u00ed term\u00edn ob\u010dansk\u00e1 spole\u010dnost. \u00a0 Budu r\u00e1d, kdy\u017e se pod\u00edv\u00e1te na str\u00e1nky Bluegrassov\u00e9 asociace \u010cR\u00a0(kter\u00e1 &hellip; <a href=\"https:\/\/petrbrandejs.cz\/index.php\/bluegrasova-asociase\/\">Cel\u00fd p\u0159\u00edsp\u011bvek <span class=\"meta-nav\">&rarr;<\/span><\/a><\/p>\n","protected":false},"author":1,"featured_media":0,"parent":0,"menu_order":8,"comment_status":"closed","ping_status":"closed","template":"sidebar-page.php","meta":{"footnotes":""},"_links":{"self":[{"href":"https:\/\/petrbrandejs.cz\/index.php\/wp-json\/wp\/v2\/pages\/56"}],"collection":[{"href":"https:\/\/petrbrandejs.cz\/index.php\/wp-json\/wp\/v2\/pages"}],"about":[{"href":"https:\/\/petrbrandejs.cz\/index.php\/wp-json\/wp\/v2\/types\/page"}],"author":[{"embeddable":true,"href":"https:\/\/petrbrandejs.cz\/index.php\/wp-json\/wp\/v2\/users\/1"}],"replies":[{"embeddable":true,"href":"https:\/\/petrbrandejs.cz\/index.php\/wp-json\/wp\/v2\/comments?post=56"}],"version-history":[{"count":5,"href":"https:\/\/petrbrandejs.cz\/index.php\/wp-json\/wp\/v2\/pages\/56\/revisions"}],"predecessor-version":[{"id":502,"href":"https:\/\/petrbrandejs.cz\/index.php\/wp-json\/wp\/v2\/pages\/56\/revisions\/502"}],"wp:attachment":[{"href":"https:\/\/petrbrandejs.cz\/index.php\/wp-json\/wp\/v2\/media?parent=56"}],"curies":[{"name":"wp","href":"https:\/\/api.w.org\/{rel}","templated":true}]}}