{"id":49,"date":"2019-01-16T22:31:04","date_gmt":"2019-01-16T21:31:04","guid":{"rendered":"http:\/\/petrbrandejs.cz\/?page_id=49"},"modified":"2026-01-08T18:39:06","modified_gmt":"2026-01-08T17:39:06","slug":"novinky","status":"publish","type":"page","link":"https:\/\/petrbrandejs.cz\/index.php\/","title":{"rendered":"Novinky"},"content":{"rendered":"\n\n\n<p><span style=\"color: #333300;\"><span style=\"font-size: 18.6667px;\">Je mo\u017eno se hl\u00e1sit na <strong>20. bluegrassovou d\u00edlnu v Nov\u00e9m Ji\u010d\u00edn\u011b.<\/strong> Datum: 10.-12.4.2026, lekto\u0159i: Housle (novinka!) &#8211; Filip Vrba, Kytara &#8211; m\u00e9n\u011b pokro\u010dil\u00ed &#8211; Jakub Racek, Kytara &#8211; pokro\u010dilej\u0161\u00ed &#8211; Vlado Kri\u017ean, Mandol\u00edna &#8211; Honza M\u00e1ca, Banjo &#8211; pokro\u010dilej\u0161\u00ed &#8211; Peter Me\u010diar, Banjo &#8211; m\u00e9n\u011b pokro\u010dil\u00ed &#8211; Petr Brandejs (VYPROD\u00c1NO, ale registruji n\u00e1hradn\u00edky). Podrobnosti a p\u0159ihl\u00e1\u0161ka <a href=\"https:\/\/petrbrandejs.cz\/dilny\/dilna-novy-jicin-jaro\/\">zde.<\/a><\/span><\/span><\/p>\n<hr \/>\n<p><span style=\"color: #333300;\"><span style=\"font-size: 18.6667px;\">Kr\u00e1sn\u00e9 fotky Pepy Maliny z d\u00edlny Mal\u00fdch Svato\u0148ovic\u00edch z roku 2025 najdete <a href=\"https:\/\/eu.zonerama.com\/Malina1\/Album\/14130293#check-duplicates\">zde.<\/a><\/span><\/span><\/p>\n\n\n<hr \/>\n<p><span style=\"color: #333300;\"><span style=\"font-size: 18.6667px;\">V sekci kapel, ve kter\u00fdch hraju, najdete info o <strong>nov\u00e9 sestav\u011b Petr Brandejs Bandu<\/strong> i s videi. Nebo p\u0159\u00edmo <a href=\"https:\/\/petrbrandejs.cz\/index.php\/kapely\/petr-brandejs-band\/\">zde.\u00a0<\/a> Ka\u017edop\u00e1dn\u011b, kdybyste n\u00e1s cht\u011bli p\u0159\u00ed\u0161t\u00ed rok sly\u0161et, dejte v\u011bd\u011bt, term\u00edn\u016f je m\u00e1lo..<img loading=\"lazy\" decoding=\"async\" class=\"size-medium wp-image-766 alignright\" src=\"https:\/\/petrbrandejs.cz\/wp-content\/uploads\/2025\/08\/oriznuta-skupinovka-300x244.jpg\" alt=\"\" width=\"300\" height=\"244\" srcset=\"https:\/\/petrbrandejs.cz\/wp-content\/uploads\/2025\/08\/oriznuta-skupinovka-300x244.jpg 300w, https:\/\/petrbrandejs.cz\/wp-content\/uploads\/2025\/08\/oriznuta-skupinovka-1024x835.jpg 1024w, https:\/\/petrbrandejs.cz\/wp-content\/uploads\/2025\/08\/oriznuta-skupinovka-768x626.jpg 768w, https:\/\/petrbrandejs.cz\/wp-content\/uploads\/2025\/08\/oriznuta-skupinovka-1536x1252.jpg 1536w, https:\/\/petrbrandejs.cz\/wp-content\/uploads\/2025\/08\/oriznuta-skupinovka-2048x1669.jpg 2048w, https:\/\/petrbrandejs.cz\/wp-content\/uploads\/2025\/08\/oriznuta-skupinovka-368x300.jpg 368w\" sizes=\"(max-width: 300px) 100vw, 300px\" \/>.<\/span><\/span><\/p>\n<hr \/>\n<\/p>\n<p><span style=\"font-size: 14pt;\">S Ondrou Koz\u00e1kem jsme z\u00edskali <a href=\"https:\/\/bluegrassfoundation.org\/\">grant IBMA<\/a> na program p\u0159edstavuj\u00edc\u00ed <strong>bluegrassov\u00e9 n\u00e1stroje ve \u0161kolk\u00e1ch<\/strong>. Podrobnosti najdete <a href=\"https:\/\/ondrakozak.com\/jak-se-hraje-na\/\">zde.<\/a> Kdo byste m\u011bl o na\u0161e show z\u00e1jem, napi\u0161te (zat\u00edm se pohybujeme v\u00edcem\u00e9n\u011b na ose Nov\u00fd Ji\u010d\u00edn &#8211; Jesen\u00edk).<br \/><\/span><\/p>\n<hr \/>\n<div>\n<p><span style=\"font-size: 14pt;\"><strong>Hodiny banja online<\/strong> je mo\u017eno domluvit. Napi\u0161te mi (star\u00fd dobr\u00fd:-) <a href=\"mailto:brandejs.banjo@gmail.com\">mail a<\/a> zkus\u00edme naj\u00edt spole\u010dn\u00fd term\u00edn a platformu. Je to snadn\u00e9 a prosp\u011b\u0161n\u00e9, v\u011b\u0159te mi.<\/span><\/p>\n<\/div>\n\n","protected":false},"excerpt":{"rendered":"<p>Je mo\u017eno se hl\u00e1sit na 20. bluegrassovou d\u00edlnu v Nov\u00e9m Ji\u010d\u00edn\u011b. Datum: 10.-12.4.2026, lekto\u0159i: Housle (novinka!) &#8211; Filip Vrba, Kytara &#8211; m\u00e9n\u011b pokro\u010dil\u00ed &#8211; Jakub Racek, Kytara &#8211; pokro\u010dilej\u0161\u00ed &#8211; Vlado Kri\u017ean, Mandol\u00edna &#8211; Honza M\u00e1ca, Banjo &#8211; pokro\u010dilej\u0161\u00ed &#8211; &hellip; <a href=\"https:\/\/petrbrandejs.cz\/index.php\/\">Cel\u00fd p\u0159\u00edsp\u011bvek <span class=\"meta-nav\">&rarr;<\/span><\/a><\/p>\n","protected":false},"author":1,"featured_media":0,"parent":0,"menu_order":0,"comment_status":"closed","ping_status":"closed","template":"sidebar-page.php","meta":{"footnotes":""},"_links":{"self":[{"href":"https:\/\/petrbrandejs.cz\/index.php\/wp-json\/wp\/v2\/pages\/49"}],"collection":[{"href":"https:\/\/petrbrandejs.cz\/index.php\/wp-json\/wp\/v2\/pages"}],"about":[{"href":"https:\/\/petrbrandejs.cz\/index.php\/wp-json\/wp\/v2\/types\/page"}],"author":[{"embeddable":true,"href":"https:\/\/petrbrandejs.cz\/index.php\/wp-json\/wp\/v2\/users\/1"}],"replies":[{"embeddable":true,"href":"https:\/\/petrbrandejs.cz\/index.php\/wp-json\/wp\/v2\/comments?post=49"}],"version-history":[{"count":84,"href":"https:\/\/petrbrandejs.cz\/index.php\/wp-json\/wp\/v2\/pages\/49\/revisions"}],"predecessor-version":[{"id":819,"href":"https:\/\/petrbrandejs.cz\/index.php\/wp-json\/wp\/v2\/pages\/49\/revisions\/819"}],"wp:attachment":[{"href":"https:\/\/petrbrandejs.cz\/index.php\/wp-json\/wp\/v2\/media?parent=49"}],"curies":[{"name":"wp","href":"https:\/\/api.w.org\/{rel}","templated":true}]}}