{"id":31,"date":"2019-01-16T22:03:52","date_gmt":"2019-01-16T21:03:52","guid":{"rendered":"http:\/\/petrbrandejs.cz\/?page_id=31"},"modified":"2021-12-24T16:57:47","modified_gmt":"2021-12-24T15:57:47","slug":"o-mne","status":"publish","type":"page","link":"https:\/\/petrbrandejs.cz\/index.php\/o-mne\/","title":{"rendered":"O mn\u011b"},"content":{"rendered":"<h1 id=\"sites-page-title-header\" align=\"left\"><span id=\"sites-page-title\" dir=\"ltr\" style=\"font-size: 14pt;\" tabindex=\"-1\">O Petru Brandejsovi &#8211; tedy mn\u011b:-)<\/span><\/h1>\n<div id=\"sites-canvas-main\" class=\"sites-canvas-main\">\n<div id=\"sites-canvas-main-content\">\n<table class=\"sites-layout-name-one-column sites-layout-hbox\" cellspacing=\"0\">\n<tbody>\n<tr>\n<td class=\"sites-layout-tile sites-tile-name-content-1\">\n<div dir=\"ltr\">\n<p><span style=\"font-family: arial, sans-serif; font-size: 14pt;\">Petr Brandejs (* 25.12.1969 v N\u00e1chod\u011b) za\u010dal hr\u00e1t v jeden\u00e1cti letech na kytaru a kr\u00e1tce po vstupu do vod\u00e1ck\u00e9ho odd\u00edlu Albatros v Nov\u00e9m M\u011bst\u011b nad Metuj\u00ed na p\u011btistrunn\u00e9 banjo Marma, kter\u00e9 si p\u016fvodn\u011b koupil jeho bratr Pavel. Spolu za\u010dali hr\u00e1t v odd\u00edlov\u00e9 skupin\u011b Bukan\u00fd\u0159i a pot\u00e9 zalo\u017eili <a href=\"http:\/\/www.cwrkot.cz\/\" rel=\"nofollow\">Bluegrass Cwrkot<\/a>.\u00a0<\/span><\/p>\n<p><span style=\"font-family: arial, sans-serif; font-size: 14pt;\">Petr pak pro\u0161el skupinami Nugget (Rakousko), vysoko\u0161kolsk\u00fdmi Hello a Kosov\u00e9 u\u017e naladili, doprov\u00e1zel Jacka Tottla a Rose Maddox, na jedin\u00e9m vystoupen\u00ed si zahr\u00e1l i s Billem Monroem. P\u016fsobil v pra\u017esk\u00e9m E.G.Revivalu a v letech 1997-2005 hr\u00e1l profesion\u00e1ln\u011b s brn\u011bnsk\u00fdmi Poutn\u00edky. Od roku 1995 do roku 2010 vedl sv\u016fj Petr Brandejs Band, kter\u00fd z\u00edskal na presti\u017en\u00edm celoevropsk\u00e9m festivalu EWOB v Holandsku v roce 2001 cenu pro nejlep\u0161\u00ed skupinu. V roce 2009 se kv\u016fli n\u00e1hl\u00e9mu \u00famrt\u00ed banjisty Milana Leppelta vr\u00e1til do BG Cwrkotu. Pro hudebn\u00ed skupiny jdi do sekce Kapely.<\/span><\/p>\n<p><span style=\"font-family: arial, sans-serif; font-size: 14pt;\">Petr byl t\u0159ikr\u00e1t zvolen v anket\u011b \u010dlen\u016f <a href=\"http:\/\/www.bacr.cz\">Bluegrassov\u00e9 asociace<\/a> banjistou roku. <\/span><\/p>\n<p><span style=\"font-family: arial, sans-serif; font-size: 14pt;\">Vydal \u0160kolu hry na p\u011btistrunn\u00e9 banjo (v r. 1998), DVD P\u011btistrunn\u00e9 banjo v \u010desk\u00fdch country hitech (2008), P\u011btistrunn\u00e9 banjo \u00fapln\u011b od za\u010d\u00e1tku (v r. 2015) a DVD Jamuj (hrej) s n\u00e1mi!, co\u017e je pom\u016fcka, se kterou se m\u016f\u017eete p\u0159ipravovat na jamov\u00e1n\u00ed s dal\u0161\u00edmu hudebn\u00edky. Pro v\u0161echny, kdo maj\u00ed z\u00e1jem o akustickou muziku napsal kn\u00ed\u017eku tip\u016f, instrukc\u00ed a zku\u0161enost\u00ed Jak se d\u011bl\u00e1 bluegrass. V\u00edce <a href=\"https:\/\/petrbrandejs.cz\/vyukove-publikace2\/\">zde.<\/a><br \/>\n<\/span><\/p>\n<p><span style=\"font-family: arial, sans-serif; font-size: 14pt;\">N\u011bkolikr\u00e1t ro\u010dn\u011b organizuje bluegrassov\u00e9 d\u00edlny a JamCampy Wernickovou metodou.<br \/>\n<\/span><\/p>\n<p><span style=\"font-family: arial, sans-serif; font-size: 14pt;\">V sou\u010dasnosti \u017eije v Bludovic\u00edch u Nov\u00e9ho Ji\u010d\u00edna. Je \u017eenat\u00fd a m\u00e1 dv\u011b d\u011bti.<\/span><\/p>\n<\/div>\n<\/td>\n<\/tr>\n<\/tbody>\n<\/table>\n<\/div>\n<\/div>\n","protected":false},"excerpt":{"rendered":"<p>O Petru Brandejsovi &#8211; tedy mn\u011b:-) Petr Brandejs (* 25.12.1969 v N\u00e1chod\u011b) za\u010dal hr\u00e1t v jeden\u00e1cti letech na kytaru a kr\u00e1tce po vstupu do vod\u00e1ck\u00e9ho odd\u00edlu Albatros v Nov\u00e9m M\u011bst\u011b nad Metuj\u00ed na p\u011btistrunn\u00e9 banjo Marma, kter\u00e9 si p\u016fvodn\u011b koupil &hellip; <a href=\"https:\/\/petrbrandejs.cz\/index.php\/o-mne\/\">Cel\u00fd p\u0159\u00edsp\u011bvek <span class=\"meta-nav\">&rarr;<\/span><\/a><\/p>\n","protected":false},"author":1,"featured_media":0,"parent":0,"menu_order":10,"comment_status":"closed","ping_status":"closed","template":"sidebar-page.php","meta":{"footnotes":""},"_links":{"self":[{"href":"https:\/\/petrbrandejs.cz\/index.php\/wp-json\/wp\/v2\/pages\/31"}],"collection":[{"href":"https:\/\/petrbrandejs.cz\/index.php\/wp-json\/wp\/v2\/pages"}],"about":[{"href":"https:\/\/petrbrandejs.cz\/index.php\/wp-json\/wp\/v2\/types\/page"}],"author":[{"embeddable":true,"href":"https:\/\/petrbrandejs.cz\/index.php\/wp-json\/wp\/v2\/users\/1"}],"replies":[{"embeddable":true,"href":"https:\/\/petrbrandejs.cz\/index.php\/wp-json\/wp\/v2\/comments?post=31"}],"version-history":[{"count":5,"href":"https:\/\/petrbrandejs.cz\/index.php\/wp-json\/wp\/v2\/pages\/31\/revisions"}],"predecessor-version":[{"id":556,"href":"https:\/\/petrbrandejs.cz\/index.php\/wp-json\/wp\/v2\/pages\/31\/revisions\/556"}],"wp:attachment":[{"href":"https:\/\/petrbrandejs.cz\/index.php\/wp-json\/wp\/v2\/media?parent=31"}],"curies":[{"name":"wp","href":"https:\/\/api.w.org\/{rel}","templated":true}]}}