{"id":27,"date":"2019-01-16T22:00:51","date_gmt":"2019-01-16T21:00:51","guid":{"rendered":"http:\/\/petrbrandejs.cz\/?page_id=27"},"modified":"2019-01-18T18:03:09","modified_gmt":"2019-01-18T17:03:09","slug":"kontakt","status":"publish","type":"page","link":"https:\/\/petrbrandejs.cz\/index.php\/kontakt\/","title":{"rendered":"Kontakt"},"content":{"rendered":"<table width=\"100%\">\n<tbody>\n<tr>\n<td width=\"15%\"><span style=\"font-size: 14pt;\"><b>Adresa:<\/b><\/span><\/td>\n<td width=\"85%\"><span style=\"font-size: 14pt;\">Petr Brandejs<\/span><br \/>\n<span style=\"font-size: 14pt;\">Bludovice 137<\/span><br \/>\n<span style=\"font-size: 14pt;\">74101 Nov\u00fd Ji\u010d\u00edn<\/span><br \/>\n<span style=\"font-size: 14pt;\">Czech Republic<\/span><\/td>\n<\/tr>\n<tr>\n<td width=\"15%\"><span style=\"font-size: 14pt;\"><b>Tel.:<\/b><\/span><\/td>\n<td width=\"85%\"><span style=\"font-size: 14pt;\">\u00a0+420 777 122 569 (odpoledne a ve\u010der)<\/span><\/td>\n<\/tr>\n<tr>\n<td width=\"15%\"><span style=\"font-size: 14pt;\"><b>Email:<\/b><\/span><\/td>\n<td width=\"85%\"><span style=\"font-size: 14pt;\">\u00a0<a href=\"mailto:brandejs.banjo@gmail.com\">brandejs.banjo@gmail.com<\/a><\/span><\/td>\n<\/tr>\n<\/tbody>\n<\/table>\n<p><span style=\"font-size: 14pt;\"><strong>Facebook: \u00a0 \u00a0<a href=\"https:\/\/www.facebook.com\/brandejspetr\/\">https:\/\/www.facebook.com\/brandejspetr\/<\/a><\/strong><\/span><\/p>\n","protected":false},"excerpt":{"rendered":"<p>Adresa: Petr Brandejs Bludovice 137 74101 Nov\u00fd Ji\u010d\u00edn Czech Republic Tel.: \u00a0+420 777 122 569 (odpoledne a ve\u010der) Email: \u00a0brandejs.banjo@gmail.com Facebook: \u00a0 \u00a0https:\/\/www.facebook.com\/brandejspetr\/<\/p>\n","protected":false},"author":1,"featured_media":0,"parent":0,"menu_order":20,"comment_status":"closed","ping_status":"closed","template":"sidebar-page.php","meta":{"footnotes":""},"_links":{"self":[{"href":"https:\/\/petrbrandejs.cz\/index.php\/wp-json\/wp\/v2\/pages\/27"}],"collection":[{"href":"https:\/\/petrbrandejs.cz\/index.php\/wp-json\/wp\/v2\/pages"}],"about":[{"href":"https:\/\/petrbrandejs.cz\/index.php\/wp-json\/wp\/v2\/types\/page"}],"author":[{"embeddable":true,"href":"https:\/\/petrbrandejs.cz\/index.php\/wp-json\/wp\/v2\/users\/1"}],"replies":[{"embeddable":true,"href":"https:\/\/petrbrandejs.cz\/index.php\/wp-json\/wp\/v2\/comments?post=27"}],"version-history":[{"count":3,"href":"https:\/\/petrbrandejs.cz\/index.php\/wp-json\/wp\/v2\/pages\/27\/revisions"}],"predecessor-version":[{"id":107,"href":"https:\/\/petrbrandejs.cz\/index.php\/wp-json\/wp\/v2\/pages\/27\/revisions\/107"}],"wp:attachment":[{"href":"https:\/\/petrbrandejs.cz\/index.php\/wp-json\/wp\/v2\/media?parent=27"}],"curies":[{"name":"wp","href":"https:\/\/api.w.org\/{rel}","templated":true}]}}