{"id":166,"date":"2019-02-18T21:09:42","date_gmt":"2019-02-18T20:09:42","guid":{"rendered":"http:\/\/petrbrandejs.cz\/index.php\/?page_id=166"},"modified":"2019-04-26T21:06:09","modified_gmt":"2019-04-26T19:06:09","slug":"skola-hry-na-petistrunne-banjo","status":"publish","type":"page","link":"https:\/\/petrbrandejs.cz\/index.php\/skola-hry-na-petistrunne-banjo\/","title":{"rendered":"\u0160kola hry na p\u011btistrunn\u00e9 banjo"},"content":{"rendered":"<p><img loading=\"lazy\" decoding=\"async\" class=\"wp-image-100 alignleft\" src=\"http:\/\/petrbrandejs.cz\/wp-content\/uploads\/2019\/01\/skola1.jpg\" alt=\"\" width=\"179\" height=\"245\" \/><strong><code>\u0160kola hry na p\u011btistrunn\u00e9 banjo (s instrukt\u00e1\u017en\u00edm CD)<\/code><\/strong><\/p>\n<p><strong><code>\u0160kola obsahuje na dosti mal\u00e9m prostoru (cca 100 stran) \u00fapln\u00fd p\u0159ehled toho, jak hr\u00e1t na p\u011btistrunn\u00e9 banjo: lad\u011bn\u00ed, jak \u010d\u00edst tabulaturu, principy hry Scruggsova stylu, melodick\u00e9ho stylu i single stringu, hran\u00ed s\u00f3l, podehr\u00e1vek, rytmu a spoustu dal\u0161\u00edch informac\u00ed.<\/code><\/strong><\/p>\n<p><strong><code>\u0160kolu nedoporu\u010duji \u00fapln\u00fdm za\u010d\u00e1te\u010dn\u00edk\u016fm - pro ty jsem pozd\u011bji napsal <a href=\"http:\/\/petrbrandejs.cz\/petistrunne-banjo-uplne-od-zacatku\/\">P\u011btistrunn\u00e9 banjo (\u00fapln\u011b) od za\u010d\u00e1tku.<\/a><\/code><\/strong><\/p>\n","protected":false},"excerpt":{"rendered":"<p>\u0160kola hry na p\u011btistrunn\u00e9 banjo (s instrukt\u00e1\u017en\u00edm CD) \u0160kola obsahuje na dosti mal\u00e9m prostoru (cca 100 stran) \u00fapln\u00fd p\u0159ehled toho, jak hr\u00e1t na p\u011btistrunn\u00e9 banjo: lad\u011bn\u00ed, jak \u010d\u00edst tabulaturu, principy hry Scruggsova stylu, melodick\u00e9ho stylu i single stringu, hran\u00ed s\u00f3l, &hellip; <a href=\"https:\/\/petrbrandejs.cz\/index.php\/skola-hry-na-petistrunne-banjo\/\">Cel\u00fd p\u0159\u00edsp\u011bvek <span class=\"meta-nav\">&rarr;<\/span><\/a><\/p>\n","protected":false},"author":1,"featured_media":0,"parent":0,"menu_order":0,"comment_status":"closed","ping_status":"closed","template":"sidebar-page.php","meta":{"footnotes":""},"_links":{"self":[{"href":"https:\/\/petrbrandejs.cz\/index.php\/wp-json\/wp\/v2\/pages\/166"}],"collection":[{"href":"https:\/\/petrbrandejs.cz\/index.php\/wp-json\/wp\/v2\/pages"}],"about":[{"href":"https:\/\/petrbrandejs.cz\/index.php\/wp-json\/wp\/v2\/types\/page"}],"author":[{"embeddable":true,"href":"https:\/\/petrbrandejs.cz\/index.php\/wp-json\/wp\/v2\/users\/1"}],"replies":[{"embeddable":true,"href":"https:\/\/petrbrandejs.cz\/index.php\/wp-json\/wp\/v2\/comments?post=166"}],"version-history":[{"count":4,"href":"https:\/\/petrbrandejs.cz\/index.php\/wp-json\/wp\/v2\/pages\/166\/revisions"}],"predecessor-version":[{"id":392,"href":"https:\/\/petrbrandejs.cz\/index.php\/wp-json\/wp\/v2\/pages\/166\/revisions\/392"}],"wp:attachment":[{"href":"https:\/\/petrbrandejs.cz\/index.php\/wp-json\/wp\/v2\/media?parent=166"}],"curies":[{"name":"wp","href":"https:\/\/api.w.org\/{rel}","templated":true}]}}